{"id":4429,"date":"2020-10-21T21:01:47","date_gmt":"2020-10-21T21:01:47","guid":{"rendered":"https:\/\/weil-brechertechnik.de\/?page_id=4429"},"modified":"2021-06-25T09:19:20","modified_gmt":"2021-06-25T09:19:20","slug":"startseite-weil-brechertechnik-gmbh","status":"publish","type":"page","link":"https:\/\/weil-brechertechnik.de\/fr\/","title":{"rendered":"Home-francais"},"content":{"rendered":"\t\t<div data-elementor-type=\"wp-post\" data-elementor-id=\"4429\" class=\"elementor elementor-4429\" data-elementor-settings=\"[]\">\n\t\t\t\t\t\t<div class=\"elementor-inner\">\n\t\t\t\t\t\t\t<div class=\"elementor-section-wrap\">\n\t\t\t\t\t\t\t<section class=\"elementor-section elementor-top-section elementor-element elementor-element-09fa549 elementor-section-full_width elementor-section-height-default elementor-section-height-default\" data-id=\"09fa549\" data-element_type=\"section\">\n\t\t\t\t\t\t<div class=\"elementor-container elementor-column-gap-no\">\n\t\t\t\t\t\t\t<div class=\"elementor-row\">\n\t\t\t\t\t<div class=\"elementor-column elementor-col-100 elementor-top-column elementor-element elementor-element-197f76a elementor-hidden-desktop elementor-hidden-tablet elementor-hidden-phone\" data-id=\"197f76a\" data-element_type=\"column\">\n\t\t\t<div class=\"elementor-column-wrap elementor-element-populated\">\n\t\t\t\t\t\t\t<div class=\"elementor-widget-wrap\">\n\t\t\t\t\t\t<div class=\"elementor-element elementor-element-3d20725 elementor-widget elementor-widget-xs-slider\" data-id=\"3d20725\" data-element_type=\"widget\" data-widget_type=\"xs-slider.default\">\n\t\t\t\t<div class=\"elementor-widget-container\">\n\t\t\t    <!-- Start hero slider\/ Owl Carousel Slider -->\n    <div class=\"tw-hero-slider owl-carousel\" data-settings='{\"slider_speed\":1100}'\">\n                            <div class=\"geobin-slider\" style=\"background-image: url('')\">\n        \n            <div class=\"slider-wrapper d-table\">\n                <div class=\"slider-inner d-table-cell\">\n                    <div class=\"container\">\n                        <div class=\"row justify-content-center\">\n                            \n                            <div class=\"col-md-6\">\n                                                                    <img src=\"https:\/\/weil-brechertechnik.de\/wp-content\/uploads\/2019\/07\/VB-Transparanet-voll.png\" alt=\"\" class=\"img-fluid slider-img\">\n                                                            <\/div>\n\n                            <div class=\"col-md-6\">\n                                <div class=\"slider-content\" >\n                                                                            <h1 style=color:#0c0c0c>\n                                            Leistungsstarke <span style='color:#e22c2a;'>Kreiselbrecher<\/span>                                        <\/h1>\n                                    \n                                                                            <p style=color:#0c0c0c>\n                                            Unsere Kreiselbrecher f\u00fcr Kieswerke und Steinbr\u00fcche mit \u00fcberzeugender Leistung                                        <\/p>\n                                    \n                                                                            <a style=color:#0c0003style=background:#e22c2a href=\"https:\/\/weil-brechertechnik.de\/kreiselbrecher\/\" target=\"_self\" class=\"btn btn-primary\">Mehr Erfahren<\/a>\n                                    \n                                <\/div>\n                                <!-- End Slider Content -->\n                            <\/div>\n                            <!-- Col end -->\n                                                        <!-- col end -->\n                        <\/div>\n                        <!-- Row End -->\n                    <\/div>\n                    <!-- COntainer End -->\n                <\/div>\n                <!-- Slider Inner End -->\n            <\/div>\n            <!-- Slider Wrapper End -->\n        <\/div>\n                            <div class=\"geobin-slider\" style=\"background-image: url('')\">\n        \n            <div class=\"slider-wrapper d-table\">\n                <div class=\"slider-inner d-table-cell\">\n                    <div class=\"container\">\n                        <div class=\"row justify-content-center\">\n                            \n                            <div class=\"col-md-6\">\n                                                                    <img src=\"https:\/\/weil-brechertechnik.de\/wp-content\/uploads\/2019\/05\/verti_bs-4.jpg\" alt=\"\" class=\"img-fluid slider-img\">\n                                                            <\/div>\n\n                            <div class=\"col-md-6\">\n                                <div class=\"slider-content\" >\n                                                                            <h1 >\n                                            Kraftvolle <span style=';'>Vertikalbrecher<\/span>                                        <\/h1>\n                                    \n                                                                            <p >\n                                            Ideal f\u00fcr Steinbr\u00fcche und Kieswerke                                        <\/p>\n                                    \n                                                                            <a  href=\"https:\/\/weil-brechertechnik.de\/vertikalbrecher\/\" target=\"_self\" class=\"btn btn-primary\">Mehr erfahren<\/a>\n                                    \n                                <\/div>\n                                <!-- End Slider Content -->\n                            <\/div>\n                            <!-- Col end -->\n                                                        <!-- col end -->\n                        <\/div>\n                        <!-- Row End -->\n                    <\/div>\n                    <!-- COntainer End -->\n                <\/div>\n                <!-- Slider Inner End -->\n            <\/div>\n            <!-- Slider Wrapper End -->\n        <\/div>\n            <!-- Slider 1 end -->\n    <\/div>\n<\/div>\t\t<\/div>\n\t\t\t\t<\/div>\n\t\t\t\t\t\t<\/div>\n\t\t\t\t\t<\/div>\n\t\t<\/div>\n\t\t\t\t\t\t\t\t<\/div>\n\t\t\t\t\t<\/div>\n\t\t<\/section>\n\t\t\t\t<section class=\"elementor-section elementor-top-section elementor-element elementor-element-12372c4 elementor-section-boxed elementor-section-height-default elementor-section-height-default\" data-id=\"12372c4\" data-element_type=\"section\" data-settings=\"{&quot;background_background&quot;:&quot;classic&quot;}\">\n\t\t\t\t\t\t<div class=\"elementor-container elementor-column-gap-default\">\n\t\t\t\t\t\t\t<div class=\"elementor-row\">\n\t\t\t\t\t<div class=\"elementor-column elementor-col-50 elementor-top-column elementor-element elementor-element-b6ce1dd\" data-id=\"b6ce1dd\" data-element_type=\"column\" data-settings=\"{&quot;background_background&quot;:&quot;classic&quot;}\">\n\t\t\t<div class=\"elementor-column-wrap elementor-element-populated\">\n\t\t\t\t\t\t\t<div class=\"elementor-widget-wrap\">\n\t\t\t\t\t\t<div class=\"elementor-element elementor-element-bd631e3 elementor-aspect-ratio-169 elementor-widget elementor-widget-video\" data-id=\"bd631e3\" data-element_type=\"widget\" data-settings=\"{&quot;video_type&quot;:&quot;hosted&quot;,&quot;mute&quot;:&quot;yes&quot;,&quot;controls&quot;:&quot;yes&quot;,&quot;aspect_ratio&quot;:&quot;169&quot;}\" data-widget_type=\"video.default\">\n\t\t\t\t<div class=\"elementor-widget-container\">\n\t\t\t\t\t<div class=\"e-hosted-video elementor-wrapper elementor-fit-aspect-ratio elementor-open-inline\">\n\t\t\t\t\t<video class=\"elementor-video\" src=\"https:\/\/weil-brechertechnik.de\/wp-content\/uploads\/2019\/05\/VTS_01_1.mp4\" controls=\"\" muted=\"muted\" controlsList=\"nodownload\" poster=\"https:\/\/weil-brechertechnik.de\/wp-content\/uploads\/2019\/05\/vlcsnap-2019-05-16-14h23m10s815.png\"><\/video>\n\t\t\t\t<\/div>\n\t\t\t\t<\/div>\n\t\t\t\t<\/div>\n\t\t\t\t\t\t<\/div>\n\t\t\t\t\t<\/div>\n\t\t<\/div>\n\t\t\t\t<div class=\"elementor-column elementor-col-50 elementor-top-column elementor-element elementor-element-f2374bf\" data-id=\"f2374bf\" data-element_type=\"column\" data-settings=\"{&quot;background_background&quot;:&quot;classic&quot;}\">\n\t\t\t<div class=\"elementor-column-wrap elementor-element-populated\">\n\t\t\t\t\t\t\t<div class=\"elementor-widget-wrap\">\n\t\t\t\t\t\t<div class=\"elementor-element elementor-element-01033e9 xs-heading-text elementor-align-center elementor-widget elementor-widget-xs-heading\" data-id=\"01033e9\" data-element_type=\"widget\" data-widget_type=\"xs-heading.default\">\n\t\t\t\t<div class=\"elementor-widget-container\">\n\t\t\t<div class=\"geobin-heading-title\">\n            <h2>\n                            <small>\u00c0 PROPOS DE NOUS:<\/small>\n            Notre <span>Soci\u00e9t\u00e9<\/span>        <\/h2>\n    <\/div>\t\t<\/div>\n\t\t\t\t<\/div>\n\t\t\t\t<div class=\"elementor-element elementor-element-4ce2177 elementor-widget elementor-widget-text-editor\" data-id=\"4ce2177\" data-element_type=\"widget\" data-widget_type=\"text-editor.default\">\n\t\t\t\t<div class=\"elementor-widget-container\">\n\t\t\t\t\t\t\t\t<div class=\"elementor-text-editor elementor-clearfix\">\n\t\t\t\t\t<p><span style=\"color: #000000;\">Nous sommes une entreprise innovatrice avec une croissance constante,\u00a0 sp\u00e9cialis\u00e9s dans la construction, la fabrication et la r\u00e9paration de concasseurs giratoires et de concasseurs \u00e0 axe vertical.<\/span><\/p><p><span style=\"color: #000000;\">Nous fournissons et entretenons des machines neuves et d\u00b4occasions, dans les gravi\u00e8res et les cari\u00e8res du monde entier.<\/span><\/p><p><span style=\"color: #000000;\">Nos prestations comprennent la fourniture, le montage et le service apr\u00e8s-vente dans tous les pays.<\/span><\/p><p><span style=\"color: #000000;\">Dot\u00e9s d\u00b4un large stock de pi\u00e8ces de rechange, nos d\u00e9lais d\u00b4intervention sur site sont tr\u00e8s courts.<\/span><\/p><p>\u00a0<\/p>\t\t\t\t\t<\/div>\n\t\t\t\t\t\t<\/div>\n\t\t\t\t<\/div>\n\t\t\t\t\t\t<\/div>\n\t\t\t\t\t<\/div>\n\t\t<\/div>\n\t\t\t\t\t\t\t\t<\/div>\n\t\t\t\t\t<\/div>\n\t\t<\/section>\n\t\t\t\t<section class=\"elementor-section elementor-top-section elementor-element elementor-element-65d1ae3 elementor-section-boxed elementor-section-height-default elementor-section-height-default\" data-id=\"65d1ae3\" data-element_type=\"section\">\n\t\t\t\t\t\t<div class=\"elementor-container elementor-column-gap-default\">\n\t\t\t\t\t\t\t<div class=\"elementor-row\">\n\t\t\t\t\t<div class=\"elementor-column elementor-col-100 elementor-top-column elementor-element elementor-element-ddc4447\" data-id=\"ddc4447\" data-element_type=\"column\">\n\t\t\t<div class=\"elementor-column-wrap elementor-element-populated\">\n\t\t\t\t\t\t\t<div class=\"elementor-widget-wrap\">\n\t\t\t\t\t\t<div class=\"elementor-element elementor-element-344e631 elementor-arrows-position-inside elementor-pagination-position-outside elementor-widget elementor-widget-image-carousel\" data-id=\"344e631\" data-element_type=\"widget\" data-settings=\"{&quot;slides_to_show&quot;:&quot;5&quot;,&quot;pause_on_hover&quot;:&quot;no&quot;,&quot;image_spacing_custom&quot;:{&quot;unit&quot;:&quot;px&quot;,&quot;size&quot;:18,&quot;sizes&quot;:[]},&quot;autoplay_speed&quot;:4000,&quot;speed&quot;:400,&quot;navigation&quot;:&quot;both&quot;,&quot;autoplay&quot;:&quot;yes&quot;,&quot;pause_on_interaction&quot;:&quot;yes&quot;,&quot;infinite&quot;:&quot;yes&quot;}\" data-widget_type=\"image-carousel.default\">\n\t\t\t\t<div class=\"elementor-widget-container\">\n\t\t\t\t\t<div class=\"elementor-image-carousel-wrapper swiper-container\" dir=\"ltr\">\n\t\t\t<div class=\"elementor-image-carousel swiper-wrapper\">\n\t\t\t\t<div class=\"swiper-slide\"><a data-elementor-open-lightbox=\"yes\" data-elementor-lightbox-slideshow=\"344e631\" data-elementor-lightbox-title=\"MINOLTA DIGITAL CAMERA\" href=\"https:\/\/weil-brechertechnik.de\/bilder\/\"><figure class=\"swiper-slide-inner\"><img class=\"swiper-slide-image\" src=\"https:\/\/weil-brechertechnik.de\/wp-content\/uploads\/2019\/05\/BS-704-jn-MAROKO-012-300x225.jpg\" alt=\"MINOLTA DIGITAL CAMERA\" \/><\/figure><\/a><\/div><div class=\"swiper-slide\"><a data-elementor-open-lightbox=\"yes\" data-elementor-lightbox-slideshow=\"344e631\" data-elementor-lightbox-title=\"MINOLTA DIGITAL CAMERA\" href=\"https:\/\/weil-brechertechnik.de\/bilder\/\"><figure class=\"swiper-slide-inner\"><img class=\"swiper-slide-image\" src=\"https:\/\/weil-brechertechnik.de\/wp-content\/uploads\/2019\/05\/Brecher-und-Anlagen-007-300x225.jpg\" alt=\"MINOLTA DIGITAL CAMERA\" \/><\/figure><\/a><\/div><div class=\"swiper-slide\"><a data-elementor-open-lightbox=\"yes\" data-elementor-lightbox-slideshow=\"344e631\" data-elementor-lightbox-title=\"Foto0027\" href=\"https:\/\/weil-brechertechnik.de\/bilder\/\"><figure class=\"swiper-slide-inner\"><img class=\"swiper-slide-image\" src=\"https:\/\/weil-brechertechnik.de\/wp-content\/uploads\/2019\/05\/Foto0027-300x225.jpg\" alt=\"Foto0027\" \/><\/figure><\/a><\/div><div class=\"swiper-slide\"><a data-elementor-open-lightbox=\"yes\" data-elementor-lightbox-slideshow=\"344e631\" data-elementor-lightbox-title=\"DSC01138\" href=\"https:\/\/weil-brechertechnik.de\/bilder\/\"><figure class=\"swiper-slide-inner\"><img class=\"swiper-slide-image\" src=\"https:\/\/weil-brechertechnik.de\/wp-content\/uploads\/2019\/05\/DSC01138-300x225.jpg\" alt=\"DSC01138\" \/><\/figure><\/a><\/div><div class=\"swiper-slide\"><a data-elementor-open-lightbox=\"yes\" data-elementor-lightbox-slideshow=\"344e631\" data-elementor-lightbox-title=\"IMG_0257\" href=\"https:\/\/weil-brechertechnik.de\/bilder\/\"><figure class=\"swiper-slide-inner\"><img class=\"swiper-slide-image\" src=\"https:\/\/weil-brechertechnik.de\/wp-content\/uploads\/2019\/05\/IMG_0257-300x224.jpg\" alt=\"IMG_0257\" \/><\/figure><\/a><\/div><div class=\"swiper-slide\"><a data-elementor-open-lightbox=\"yes\" data-elementor-lightbox-slideshow=\"344e631\" data-elementor-lightbox-title=\"2012-04-12 13.44.16\" href=\"https:\/\/weil-brechertechnik.de\/bilder\/\"><figure class=\"swiper-slide-inner\"><img class=\"swiper-slide-image\" src=\"https:\/\/weil-brechertechnik.de\/wp-content\/uploads\/2019\/05\/2012-04-12-13.44.16-300x225.jpg\" alt=\"2012-04-12 13.44.16\" \/><\/figure><\/a><\/div><div class=\"swiper-slide\"><a data-elementor-open-lightbox=\"yes\" data-elementor-lightbox-slideshow=\"344e631\" data-elementor-lightbox-title=\"THIRION , 004\" href=\"https:\/\/weil-brechertechnik.de\/bilder\/\"><figure class=\"swiper-slide-inner\"><img class=\"swiper-slide-image\" src=\"https:\/\/weil-brechertechnik.de\/wp-content\/uploads\/2019\/05\/THIRION-004-300x228.jpg\" alt=\"THIRION , 004\" \/><\/figure><\/a><\/div>\t\t\t<\/div>\n\t\t\t\t\t\t\t\t\t\t\t\t<div class=\"swiper-pagination\"><\/div>\n\t\t\t\t\t\t\t\t\t\t\t\t\t<div class=\"elementor-swiper-button elementor-swiper-button-prev\">\n\t\t\t\t\t\t<i class=\"eicon-chevron-left\" aria-hidden=\"true\"><\/i>\n\t\t\t\t\t\t<span class=\"elementor-screen-only\">Pr\u00e9c\u00e9dent<\/span>\n\t\t\t\t\t<\/div>\n\t\t\t\t\t<div class=\"elementor-swiper-button elementor-swiper-button-next\">\n\t\t\t\t\t\t<i class=\"eicon-chevron-right\" aria-hidden=\"true\"><\/i>\n\t\t\t\t\t\t<span class=\"elementor-screen-only\">Suivant<\/span>\n\t\t\t\t\t<\/div>\n\t\t\t\t\t\t\t\t\t<\/div>\n\t\t\t\t<\/div>\n\t\t\t\t<\/div>\n\t\t\t\t\t\t<\/div>\n\t\t\t\t\t<\/div>\n\t\t<\/div>\n\t\t\t\t\t\t\t\t<\/div>\n\t\t\t\t\t<\/div>\n\t\t<\/section>\n\t\t\t\t<section class=\"elementor-section elementor-top-section elementor-element elementor-element-eb50484 elementor-section-boxed elementor-section-height-default elementor-section-height-default\" data-id=\"eb50484\" data-element_type=\"section\">\n\t\t\t\t\t\t<div class=\"elementor-container elementor-column-gap-default\">\n\t\t\t\t\t\t\t<div class=\"elementor-row\">\n\t\t\t\t\t<div class=\"elementor-column elementor-col-33 elementor-top-column elementor-element elementor-element-84e306b\" data-id=\"84e306b\" data-element_type=\"column\">\n\t\t\t<div class=\"elementor-column-wrap\">\n\t\t\t\t\t\t\t<div class=\"elementor-widget-wrap\">\n\t\t\t\t\t\t\t\t<\/div>\n\t\t\t\t\t<\/div>\n\t\t<\/div>\n\t\t\t\t<div class=\"elementor-column elementor-col-33 elementor-top-column elementor-element elementor-element-ddd064a\" data-id=\"ddd064a\" data-element_type=\"column\">\n\t\t\t<div class=\"elementor-column-wrap\">\n\t\t\t\t\t\t\t<div class=\"elementor-widget-wrap\">\n\t\t\t\t\t\t\t\t<\/div>\n\t\t\t\t\t<\/div>\n\t\t<\/div>\n\t\t\t\t<div class=\"elementor-column elementor-col-33 elementor-top-column elementor-element elementor-element-14041a9\" data-id=\"14041a9\" data-element_type=\"column\">\n\t\t\t<div class=\"elementor-column-wrap\">\n\t\t\t\t\t\t\t<div class=\"elementor-widget-wrap\">\n\t\t\t\t\t\t\t\t<\/div>\n\t\t\t\t\t<\/div>\n\t\t<\/div>\n\t\t\t\t\t\t\t\t<\/div>\n\t\t\t\t\t<\/div>\n\t\t<\/section>\n\t\t\t\t<section class=\"elementor-section elementor-top-section elementor-element elementor-element-f01b817 elementor-section-boxed elementor-section-height-default elementor-section-height-default\" data-id=\"f01b817\" data-element_type=\"section\">\n\t\t\t\t\t\t<div class=\"elementor-container elementor-column-gap-default\">\n\t\t\t\t\t\t\t<div class=\"elementor-row\">\n\t\t\t\t\t<div class=\"elementor-column elementor-col-100 elementor-top-column elementor-element elementor-element-d136dd1\" data-id=\"d136dd1\" data-element_type=\"column\">\n\t\t\t<div class=\"elementor-column-wrap elementor-element-populated\">\n\t\t\t\t\t\t\t<div class=\"elementor-widget-wrap\">\n\t\t\t\t\t\t<div class=\"elementor-element elementor-element-0ad4e06 xs-heading-text elementor-align-center elementor-widget elementor-widget-xs-heading\" data-id=\"0ad4e06\" data-element_type=\"widget\" data-widget_type=\"xs-heading.default\">\n\t\t\t\t<div class=\"elementor-widget-container\">\n\t\t\t<div class=\"geobin-heading-title\">\n            <h2>\n            Contactez<span>-nous<\/span>        <\/h2>\n    <\/div>\t\t<\/div>\n\t\t\t\t<\/div>\n\t\t\t\t<section class=\"elementor-section elementor-inner-section elementor-element elementor-element-a6c87a9 elementor-section-boxed elementor-section-height-default elementor-section-height-default\" data-id=\"a6c87a9\" data-element_type=\"section\">\n\t\t\t\t\t\t<div class=\"elementor-container elementor-column-gap-default\">\n\t\t\t\t\t\t\t<div class=\"elementor-row\">\n\t\t\t\t\t<div class=\"elementor-column elementor-col-50 elementor-inner-column elementor-element elementor-element-f8fdfca\" data-id=\"f8fdfca\" data-element_type=\"column\">\n\t\t\t<div class=\"elementor-column-wrap elementor-element-populated\">\n\t\t\t\t\t\t\t<div class=\"elementor-widget-wrap\">\n\t\t\t\t\t\t<div class=\"elementor-element elementor-element-55817fc elementor-view-framed elementor-shape-circle elementor-position-top elementor-vertical-align-top elementor-widget elementor-widget-icon-box\" data-id=\"55817fc\" data-element_type=\"widget\" data-widget_type=\"icon-box.default\">\n\t\t\t\t<div class=\"elementor-widget-container\">\n\t\t\t\t\t<div class=\"elementor-icon-box-wrapper\">\n\t\t\t\t\t\t<div class=\"elementor-icon-box-icon\">\n\t\t\t\t<span class=\"elementor-icon elementor-animation-\" >\n\t\t\t\t<i aria-hidden=\"true\" class=\"fas fa-map-marker-alt\"><\/i>\t\t\t\t<\/span>\n\t\t\t<\/div>\n\t\t\t\t\t\t<div class=\"elementor-icon-box-content\">\n\t\t\t\t<h3 class=\"elementor-icon-box-title\">\n\t\t\t\t\t<span >Weil Brechertechnik GmbH<\/span>\n\t\t\t\t<\/h3>\n\t\t\t\t\t\t\t\t<p class=\"elementor-icon-box-description\">Schwarzwaldstra\u00dfe 14<br>\n77871 Renchen<br><\/p>\n\t\t\t\t\t\t\t<\/div>\n\t\t<\/div>\n\t\t\t\t<\/div>\n\t\t\t\t<\/div>\n\t\t\t\t<div class=\"elementor-element elementor-element-7dfdc72 elementor-widget elementor-widget-image\" data-id=\"7dfdc72\" data-element_type=\"widget\" data-widget_type=\"image.default\">\n\t\t\t\t<div class=\"elementor-widget-container\">\n\t\t\t\t\t\t\t\t<div class=\"elementor-image\">\n\t\t\t\t\t\t\t\t\t\t\t\t<img width=\"243\" height=\"137\" src=\"https:\/\/weil-brechertechnik.de\/wp-content\/uploads\/2019\/05\/firma.jpg\" class=\"attachment-large size-large\" alt=\"\" loading=\"lazy\" \/>\t\t\t\t\t\t\t\t\t\t\t\t\t\t<\/div>\n\t\t\t\t\t\t<\/div>\n\t\t\t\t<\/div>\n\t\t\t\t\t\t<\/div>\n\t\t\t\t\t<\/div>\n\t\t<\/div>\n\t\t\t\t<div class=\"elementor-column elementor-col-50 elementor-inner-column elementor-element elementor-element-4e23122\" data-id=\"4e23122\" data-element_type=\"column\">\n\t\t\t<div class=\"elementor-column-wrap elementor-element-populated\">\n\t\t\t\t\t\t\t<div class=\"elementor-widget-wrap\">\n\t\t\t\t\t\t<div class=\"elementor-element elementor-element-0080f6f elementor-vertical-align-middle elementor-view-default elementor-position-top elementor-widget elementor-widget-icon-box\" data-id=\"0080f6f\" data-element_type=\"widget\" data-widget_type=\"icon-box.default\">\n\t\t\t\t<div class=\"elementor-widget-container\">\n\t\t\t\t\t<div class=\"elementor-icon-box-wrapper\">\n\t\t\t\t\t\t<div class=\"elementor-icon-box-icon\">\n\t\t\t\t<a class=\"elementor-icon elementor-animation-\" href=\"tel:+49%20(0)%207843%2099279-2\">\n\t\t\t\t<i aria-hidden=\"true\" class=\"fas fa-phone-alt\"><\/i>\t\t\t\t<\/a>\n\t\t\t<\/div>\n\t\t\t\t\t\t<div class=\"elementor-icon-box-content\">\n\t\t\t\t<h3 class=\"elementor-icon-box-title\">\n\t\t\t\t\t<a href=\"tel:+49%20(0)%207843%2099279-2\">T\u00e9l\u00e9phone :<\/a>\n\t\t\t\t<\/h3>\n\t\t\t\t\t\t\t\t<p class=\"elementor-icon-box-description\">+49 (0) 7843 992790<\/p>\n\t\t\t\t\t\t\t<\/div>\n\t\t<\/div>\n\t\t\t\t<\/div>\n\t\t\t\t<\/div>\n\t\t\t\t<div class=\"elementor-element elementor-element-782b332 elementor-vertical-align-middle elementor-view-default elementor-position-top elementor-widget elementor-widget-icon-box\" data-id=\"782b332\" data-element_type=\"widget\" data-widget_type=\"icon-box.default\">\n\t\t\t\t<div class=\"elementor-widget-container\">\n\t\t\t\t\t<div class=\"elementor-icon-box-wrapper\">\n\t\t\t\t\t\t<div class=\"elementor-icon-box-icon\">\n\t\t\t\t<a class=\"elementor-icon elementor-animation-\" href=\"mailto:info@weil-brechertechnik.de\">\n\t\t\t\t<i aria-hidden=\"true\" class=\"far fa-envelope\"><\/i>\t\t\t\t<\/a>\n\t\t\t<\/div>\n\t\t\t\t\t\t<div class=\"elementor-icon-box-content\">\n\t\t\t\t<h3 class=\"elementor-icon-box-title\">\n\t\t\t\t\t<a href=\"mailto:info@weil-brechertechnik.de\">Mail :<\/a>\n\t\t\t\t<\/h3>\n\t\t\t\t\t\t\t\t<p class=\"elementor-icon-box-description\">info@weil-brechertechnik.de<\/p>\n\t\t\t\t\t\t\t<\/div>\n\t\t<\/div>\n\t\t\t\t<\/div>\n\t\t\t\t<\/div>\n\t\t\t\t\t\t<\/div>\n\t\t\t\t\t<\/div>\n\t\t<\/div>\n\t\t\t\t\t\t\t\t<\/div>\n\t\t\t\t\t<\/div>\n\t\t<\/section>\n\t\t\t\t\t\t<\/div>\n\t\t\t\t\t<\/div>\n\t\t<\/div>\n\t\t\t\t\t\t\t\t<\/div>\n\t\t\t\t\t<\/div>\n\t\t<\/section>\n\t\t\t\t\t\t<\/div>\n\t\t\t\t\t\t<\/div>\n\t\t\t\t\t<\/div>\n\t\t","protected":false},"excerpt":{"rendered":"<p>Leistungsstarke Kreiselbrecher Unsere Kreiselbrecher f\u00fcr Kieswerke und Steinbr\u00fcche mit \u00fcberzeugender Leistung Mehr Erfahren Kraftvolle Vertikalbrecher Ideal f\u00fcr Steinbr\u00fcche und Kieswerke Mehr erfahren https:\/\/weil-brechertechnik.de\/wp-content\/uploads\/2019\/05\/VTS_01_1.mp4 \u00c0 PROPOS DE NOUS: Notre Soci\u00e9t\u00e9 Nous sommes une entreprise innovatrice avec une croissance constante,\u00a0 sp\u00e9cialis\u00e9s dans la construction, la fabrication et la r\u00e9paration de concasseurs giratoires et de concasseurs \u00e0 axe [&hellip;]<\/p>\n","protected":false},"author":1,"featured_media":0,"parent":0,"menu_order":0,"comment_status":"closed","ping_status":"closed","template":"template\/template-multipage-homepage.php","meta":[],"_links":{"self":[{"href":"https:\/\/weil-brechertechnik.de\/fr\/wp-json\/wp\/v2\/pages\/4429"}],"collection":[{"href":"https:\/\/weil-brechertechnik.de\/fr\/wp-json\/wp\/v2\/pages"}],"about":[{"href":"https:\/\/weil-brechertechnik.de\/fr\/wp-json\/wp\/v2\/types\/page"}],"author":[{"embeddable":true,"href":"https:\/\/weil-brechertechnik.de\/fr\/wp-json\/wp\/v2\/users\/1"}],"replies":[{"embeddable":true,"href":"https:\/\/weil-brechertechnik.de\/fr\/wp-json\/wp\/v2\/comments?post=4429"}],"version-history":[{"count":41,"href":"https:\/\/weil-brechertechnik.de\/fr\/wp-json\/wp\/v2\/pages\/4429\/revisions"}],"predecessor-version":[{"id":5496,"href":"https:\/\/weil-brechertechnik.de\/fr\/wp-json\/wp\/v2\/pages\/4429\/revisions\/5496"}],"wp:attachment":[{"href":"https:\/\/weil-brechertechnik.de\/fr\/wp-json\/wp\/v2\/media?parent=4429"}],"curies":[{"name":"wp","href":"https:\/\/api.w.org\/{rel}","templated":true}]}}