{"id":3676,"date":"2018-04-05T09:27:31","date_gmt":"2018-04-05T09:27:31","guid":{"rendered":"https:\/\/weil-brechertechnik.de\/downloads\/"},"modified":"2021-06-28T16:50:26","modified_gmt":"2021-06-28T16:50:26","slug":"downloads","status":"publish","type":"page","link":"https:\/\/weil-brechertechnik.de\/fr\/downloads\/","title":{"rendered":"T\u00e9l\u00e9chargements"},"content":{"rendered":"\t\t<div data-elementor-type=\"wp-post\" data-elementor-id=\"3676\" class=\"elementor elementor-3676\" data-elementor-settings=\"[]\">\n\t\t\t\t\t\t<div class=\"elementor-inner\">\n\t\t\t\t\t\t\t<div class=\"elementor-section-wrap\">\n\t\t\t\t\t\t\t<section class=\"elementor-section elementor-top-section elementor-element elementor-element-4310c91 elementor-section-boxed elementor-section-height-default elementor-section-height-default\" data-id=\"4310c91\" data-element_type=\"section\">\n\t\t\t\t\t\t<div class=\"elementor-container elementor-column-gap-default\">\n\t\t\t\t\t\t\t<div class=\"elementor-row\">\n\t\t\t\t\t<div class=\"elementor-column elementor-col-100 elementor-top-column elementor-element elementor-element-8b45831\" data-id=\"8b45831\" data-element_type=\"column\">\n\t\t\t<div class=\"elementor-column-wrap elementor-element-populated\">\n\t\t\t\t\t\t\t<div class=\"elementor-widget-wrap\">\n\t\t\t\t\t\t<div class=\"elementor-element elementor-element-ddd5542 xs-heading-text elementor-align-center elementor-widget elementor-widget-xs-heading\" data-id=\"ddd5542\" data-element_type=\"widget\" data-widget_type=\"xs-heading.default\">\n\t\t\t\t<div class=\"elementor-widget-container\">\n\t\t\t<div class=\"geobin-heading-title\">\n            <h2>\n            <span>T\u00e9l\u00e9<\/span>chargements        <\/h2>\n    <\/div>\t\t<\/div>\n\t\t\t\t<\/div>\n\t\t\t\t<div class=\"elementor-element elementor-element-fcaeda5 elementor-widget elementor-widget-text-editor\" data-id=\"fcaeda5\" data-element_type=\"widget\" data-widget_type=\"text-editor.default\">\n\t\t\t\t<div class=\"elementor-widget-container\">\n\t\t\t\t\t\t\t\t<div class=\"elementor-text-editor elementor-clearfix\">\n\t\t\t\t\t<p style=\"text-align: center;\">Vous pouvez t\u00e9l\u00e9charger les documents suivants.&nbsp;<span style=\"color: rgb(68, 84, 106); font-family: var( --e-global-typography-text-font-family ), Sans-serif; font-weight: var( --e-global-typography-text-font-weight ); text-align: left;\">Les fichiers ci-dessous\nappartiennent exclusivement \u00e0 la soci\u00e9t\u00e9 WEIL et ne peuvent \u00eatre dupliqu\u00e9\n(uniquement pour un usage personnel).<\/span><\/p><p class=\"MsoNormal\"><span style=\"color:#44546A\"><o:p><\/o:p><\/span><\/p>\t\t\t\t\t<\/div>\n\t\t\t\t\t\t<\/div>\n\t\t\t\t<\/div>\n\t\t\t\t\t\t<\/div>\n\t\t\t\t\t<\/div>\n\t\t<\/div>\n\t\t\t\t\t\t\t\t<\/div>\n\t\t\t\t\t<\/div>\n\t\t<\/section>\n\t\t\t\t<section class=\"elementor-section elementor-top-section elementor-element elementor-element-b2eecd7 elementor-section-boxed elementor-section-height-default elementor-section-height-default\" data-id=\"b2eecd7\" data-element_type=\"section\">\n\t\t\t\t\t\t<div class=\"elementor-container elementor-column-gap-default\">\n\t\t\t\t\t\t\t<div class=\"elementor-row\">\n\t\t\t\t\t<div class=\"elementor-column elementor-col-25 elementor-top-column elementor-element elementor-element-3ff7bca\" data-id=\"3ff7bca\" data-element_type=\"column\">\n\t\t\t<div class=\"elementor-column-wrap elementor-element-populated\">\n\t\t\t\t\t\t\t<div class=\"elementor-widget-wrap\">\n\t\t\t\t\t\t<div class=\"elementor-element elementor-element-23ff37b elementor-widget elementor-widget-xs-geobin-image-box\" data-id=\"23ff37b\" data-element_type=\"widget\" data-widget_type=\"xs-geobin-image-box.default\">\n\t\t\t\t<div class=\"elementor-widget-container\">\n\t\t\t\n    <div class=\"features-box\">\n        <div class=\"features-icon d-table\">\n                            <div class=\"features-icon-inner d-table-cell\">\n                    <img src=\"https:\/\/weil-brechertechnik.de\/wp-content\/uploads\/2019\/07\/kb_square-1.png\" alt=\"\">\n                <\/div>\n                        <!-- End Features icon inner -->\n        <\/div>\n        <!-- End Features Icon -->\n                    <h3>Broyeurs giratoires<\/h3>\n                    <a href=\"https:\/\/weil-brechertechnik.de\/wp-content\/uploads\/2020\/12\/FR-Weil-Brechertechnik-Broyeurs-Giratoires.pdf\" target=\"_blank\" class=\"tw-readmore\">Download                <i class=\"fa fa-angle-right\"><\/i>\n            <\/a>\n            <\/div>\n    <!-- End Single Features -->\t\t<\/div>\n\t\t\t\t<\/div>\n\t\t\t\t\t\t<\/div>\n\t\t\t\t\t<\/div>\n\t\t<\/div>\n\t\t\t\t<div class=\"elementor-column elementor-col-25 elementor-top-column elementor-element elementor-element-f3760f5\" data-id=\"f3760f5\" data-element_type=\"column\">\n\t\t\t<div class=\"elementor-column-wrap elementor-element-populated\">\n\t\t\t\t\t\t\t<div class=\"elementor-widget-wrap\">\n\t\t\t\t\t\t<div class=\"elementor-element elementor-element-48bd993 elementor-widget elementor-widget-xs-geobin-image-box\" data-id=\"48bd993\" data-element_type=\"widget\" data-widget_type=\"xs-geobin-image-box.default\">\n\t\t\t\t<div class=\"elementor-widget-container\">\n\t\t\t\n    <div class=\"features-box\">\n        <div class=\"features-icon d-table\">\n                            <div class=\"features-icon-inner d-table-cell\">\n                    <img src=\"https:\/\/weil-brechertechnik.de\/wp-content\/uploads\/2019\/07\/vb_square.png\" alt=\"\">\n                <\/div>\n                        <!-- End Features icon inner -->\n        <\/div>\n        <!-- End Features Icon -->\n                    <h3>Broyeurs \u00e0 axe vertical<\/h3>\n                    <a href=\"https:\/\/weil-brechertechnik.de\/wp-content\/uploads\/2020\/12\/FR-Weil-Brechertechnik-Broyeurs-a-axe-vertical.pdf\" target=\"_blank\" class=\"tw-readmore\">Download                <i class=\"fa fa-angle-right\"><\/i>\n            <\/a>\n            <\/div>\n    <!-- End Single Features -->\t\t<\/div>\n\t\t\t\t<\/div>\n\t\t\t\t\t\t<\/div>\n\t\t\t\t\t<\/div>\n\t\t<\/div>\n\t\t\t\t<div class=\"elementor-column elementor-col-25 elementor-top-column elementor-element elementor-element-e954dbb\" data-id=\"e954dbb\" data-element_type=\"column\">\n\t\t\t<div class=\"elementor-column-wrap elementor-element-populated\">\n\t\t\t\t\t\t\t<div class=\"elementor-widget-wrap\">\n\t\t\t\t\t\t<div class=\"elementor-element elementor-element-fd9173c elementor-absolute elementor-widget elementor-widget-xs-geobin-image-box\" data-id=\"fd9173c\" data-element_type=\"widget\" data-settings=\"{&quot;_position&quot;:&quot;absolute&quot;}\" data-widget_type=\"xs-geobin-image-box.default\">\n\t\t\t\t<div class=\"elementor-widget-container\">\n\t\t\t\n    <div class=\"features-box\">\n        <div class=\"features-icon d-table\">\n                            <div class=\"features-icon-inner d-table-cell\">\n                    <img src=\"https:\/\/weil-brechertechnik.de\/wp-content\/uploads\/2021\/06\/firma2.png\" alt=\"\">\n                <\/div>\n                        <!-- End Features icon inner -->\n        <\/div>\n        <!-- End Features Icon -->\n                    <h3>Notre Soci\u00e9t\u00e9<\/h3>\n                    <a href=\"https:\/\/weil-brechertechnik.de\/wp-content\/uploads\/2021\/03\/Hauptprospekt-fertig.pdf\" target=\"_blank\" class=\"tw-readmore\">Download                <i class=\"fa fa-angle-right\"><\/i>\n            <\/a>\n            <\/div>\n    <!-- End Single Features -->\t\t<\/div>\n\t\t\t\t<\/div>\n\t\t\t\t\t\t<\/div>\n\t\t\t\t\t<\/div>\n\t\t<\/div>\n\t\t\t\t<div class=\"elementor-column elementor-col-25 elementor-top-column elementor-element elementor-element-3202b1b\" data-id=\"3202b1b\" data-element_type=\"column\">\n\t\t\t<div class=\"elementor-column-wrap\">\n\t\t\t\t\t\t\t<div class=\"elementor-widget-wrap\">\n\t\t\t\t\t\t\t\t<\/div>\n\t\t\t\t\t<\/div>\n\t\t<\/div>\n\t\t\t\t\t\t\t\t<\/div>\n\t\t\t\t\t<\/div>\n\t\t<\/section>\n\t\t\t\t<section class=\"elementor-section elementor-top-section elementor-element elementor-element-7429807 elementor-section-boxed elementor-section-height-default elementor-section-height-default\" data-id=\"7429807\" data-element_type=\"section\">\n\t\t\t\t\t\t<div class=\"elementor-container elementor-column-gap-default\">\n\t\t\t\t\t\t\t<div class=\"elementor-row\">\n\t\t\t\t\t<div class=\"elementor-column elementor-col-100 elementor-top-column elementor-element elementor-element-66cae23\" data-id=\"66cae23\" data-element_type=\"column\">\n\t\t\t<div class=\"elementor-column-wrap elementor-element-populated\">\n\t\t\t\t\t\t\t<div class=\"elementor-widget-wrap\">\n\t\t\t\t\t\t<div class=\"elementor-element elementor-element-68bff8f elementor-widget elementor-widget-spacer\" data-id=\"68bff8f\" data-element_type=\"widget\" data-widget_type=\"spacer.default\">\n\t\t\t\t<div class=\"elementor-widget-container\">\n\t\t\t\t\t<div class=\"elementor-spacer\">\n\t\t\t<div class=\"elementor-spacer-inner\"><\/div>\n\t\t<\/div>\n\t\t\t\t<\/div>\n\t\t\t\t<\/div>\n\t\t\t\t\t\t<\/div>\n\t\t\t\t\t<\/div>\n\t\t<\/div>\n\t\t\t\t\t\t\t\t<\/div>\n\t\t\t\t\t<\/div>\n\t\t<\/section>\n\t\t\t\t\t\t<\/div>\n\t\t\t\t\t\t<\/div>\n\t\t\t\t\t<\/div>\n\t\t","protected":false},"excerpt":{"rendered":"<p>T\u00e9l\u00e9chargements Vous pouvez t\u00e9l\u00e9charger les documents suivants.&nbsp;Les fichiers ci-dessous appartiennent exclusivement \u00e0 la soci\u00e9t\u00e9 WEIL et ne peuvent \u00eatre dupliqu\u00e9 (uniquement pour un usage personnel). Broyeurs giratoires Download Broyeurs \u00e0 axe vertical Download Notre Soci\u00e9t\u00e9 Download<\/p>\n","protected":false},"author":1,"featured_media":0,"parent":0,"menu_order":0,"comment_status":"closed","ping_status":"closed","template":"template\/template-full-width.php","meta":[],"_links":{"self":[{"href":"https:\/\/weil-brechertechnik.de\/fr\/wp-json\/wp\/v2\/pages\/3676"}],"collection":[{"href":"https:\/\/weil-brechertechnik.de\/fr\/wp-json\/wp\/v2\/pages"}],"about":[{"href":"https:\/\/weil-brechertechnik.de\/fr\/wp-json\/wp\/v2\/types\/page"}],"author":[{"embeddable":true,"href":"https:\/\/weil-brechertechnik.de\/fr\/wp-json\/wp\/v2\/users\/1"}],"replies":[{"embeddable":true,"href":"https:\/\/weil-brechertechnik.de\/fr\/wp-json\/wp\/v2\/comments?post=3676"}],"version-history":[{"count":54,"href":"https:\/\/weil-brechertechnik.de\/fr\/wp-json\/wp\/v2\/pages\/3676\/revisions"}],"predecessor-version":[{"id":5578,"href":"https:\/\/weil-brechertechnik.de\/fr\/wp-json\/wp\/v2\/pages\/3676\/revisions\/5578"}],"wp:attachment":[{"href":"https:\/\/weil-brechertechnik.de\/fr\/wp-json\/wp\/v2\/media?parent=3676"}],"curies":[{"name":"wp","href":"https:\/\/api.w.org\/{rel}","templated":true}]}}