{"id":3627,"date":"2018-04-05T09:14:55","date_gmt":"2018-04-05T09:14:55","guid":{"rendered":"https:\/\/weil-brechertechnik.de\/kreiselbrecher\/"},"modified":"2021-03-30T16:36:25","modified_gmt":"2021-03-30T16:36:25","slug":"kreiselbrecher","status":"publish","type":"page","link":"https:\/\/weil-brechertechnik.de\/fr\/kreiselbrecher\/","title":{"rendered":"Broyeurs Giratoires"},"content":{"rendered":"\t\t<div data-elementor-type=\"wp-post\" data-elementor-id=\"3627\" class=\"elementor elementor-3627\" data-elementor-settings=\"[]\">\n\t\t\t\t\t\t<div class=\"elementor-inner\">\n\t\t\t\t\t\t\t<div class=\"elementor-section-wrap\">\n\t\t\t\t\t\t\t<section class=\"elementor-section elementor-top-section elementor-element elementor-element-14f6bc4 elementor-section-boxed elementor-section-height-default elementor-section-height-default\" data-id=\"14f6bc4\" data-element_type=\"section\" data-settings=\"{&quot;background_background&quot;:&quot;classic&quot;,&quot;animation&quot;:&quot;none&quot;}\">\n\t\t\t\t\t\t<div class=\"elementor-container elementor-column-gap-default\">\n\t\t\t\t\t\t\t<div class=\"elementor-row\">\n\t\t\t\t\t<div class=\"elementor-column elementor-col-50 elementor-top-column elementor-element elementor-element-a132420\" data-id=\"a132420\" data-element_type=\"column\" data-settings=\"{&quot;animation&quot;:&quot;none&quot;,&quot;background_background&quot;:&quot;classic&quot;}\">\n\t\t\t<div class=\"elementor-column-wrap elementor-element-populated\">\n\t\t\t\t\t\t\t<div class=\"elementor-widget-wrap\">\n\t\t\t\t\t\t<div class=\"elementor-element elementor-element-ced0133 elementor-widget elementor-widget-image\" data-id=\"ced0133\" data-element_type=\"widget\" data-settings=\"{&quot;_animation&quot;:&quot;none&quot;}\" data-widget_type=\"image.default\">\n\t\t\t\t<div class=\"elementor-widget-container\">\n\t\t\t\t\t\t\t\t<div class=\"elementor-image\">\n\t\t\t\t\t\t\t\t\t\t\t\t<img width=\"800\" height=\"800\" src=\"https:\/\/weil-brechertechnik.de\/wp-content\/uploads\/2019\/05\/VB-Transparanet-voll-1024x1024.png\" class=\"attachment-large size-large\" alt=\"\" loading=\"lazy\" srcset=\"https:\/\/weil-brechertechnik.de\/wp-content\/uploads\/2019\/05\/VB-Transparanet-voll-1024x1024.png 1024w, https:\/\/weil-brechertechnik.de\/wp-content\/uploads\/2019\/05\/VB-Transparanet-voll-150x150.png 150w, https:\/\/weil-brechertechnik.de\/wp-content\/uploads\/2019\/05\/VB-Transparanet-voll-300x300.png 300w, https:\/\/weil-brechertechnik.de\/wp-content\/uploads\/2019\/05\/VB-Transparanet-voll-768x768.png 768w, https:\/\/weil-brechertechnik.de\/wp-content\/uploads\/2019\/05\/VB-Transparanet-voll.png 1500w\" sizes=\"(max-width: 800px) 100vw, 800px\" \/>\t\t\t\t\t\t\t\t\t\t\t\t\t\t<\/div>\n\t\t\t\t\t\t<\/div>\n\t\t\t\t<\/div>\n\t\t\t\t\t\t<\/div>\n\t\t\t\t\t<\/div>\n\t\t<\/div>\n\t\t\t\t<div class=\"elementor-column elementor-col-50 elementor-top-column elementor-element elementor-element-e511f75\" data-id=\"e511f75\" data-element_type=\"column\" data-settings=\"{&quot;animation&quot;:&quot;none&quot;,&quot;background_background&quot;:&quot;classic&quot;}\">\n\t\t\t<div class=\"elementor-column-wrap elementor-element-populated\">\n\t\t\t\t\t\t\t<div class=\"elementor-widget-wrap\">\n\t\t\t\t\t\t<div class=\"elementor-element elementor-element-348add4 elementor-widget elementor-widget-menu-anchor\" data-id=\"348add4\" data-element_type=\"widget\" data-widget_type=\"menu-anchor.default\">\n\t\t\t\t<div class=\"elementor-widget-container\">\n\t\t\t\t\t<div id=\"kb_beschreibung\" class=\"elementor-menu-anchor\"><\/div>\n\t\t\t\t<\/div>\n\t\t\t\t<\/div>\n\t\t\t\t<div class=\"elementor-element elementor-element-9950e3a xs-heading-text elementor-align-left elementor-widget elementor-widget-xs-heading\" data-id=\"9950e3a\" data-element_type=\"widget\" data-widget_type=\"xs-heading.default\">\n\t\t\t\t<div class=\"elementor-widget-container\">\n\t\t\t<div class=\"geobin-heading-title\">\n            <h2>\n            Broyeurs giratoires        <\/h2>\n            <span class=\"animate-border mr-auto ml-auto\"><\/span>\n    <\/div>\t\t<\/div>\n\t\t\t\t<\/div>\n\t\t\t\t<div class=\"elementor-element elementor-element-cee2b76 elementor-widget elementor-widget-text-editor\" data-id=\"cee2b76\" data-element_type=\"widget\" data-widget_type=\"text-editor.default\">\n\t\t\t\t<div class=\"elementor-widget-container\">\n\t\t\t\t\t\t\t\t<div class=\"elementor-text-editor elementor-clearfix\">\n\t\t\t\t\t<p><span style=\"font-size: 14pt;\"><strong>Description<\/strong><\/span><\/p><p>Nous fabriquons des broyeurs giratoires pour les gravi\u00e8res et carri\u00e8res. Le d\u00e9bit du giratoire est de 30 &#8211; 500 t\/h pour une alimentation de 25 &#8211; 300 mm.<\/p><p>&#8211; Economie d&rsquo;\u00e9nergie<br \/>&#8211; S\u00e9curit\u00e9 de fonctionnement<br \/>&#8211; Cubicit\u00e9<br \/>&#8211; D\u00e9marrage du broyeur en charge<br \/>&#8211; D\u00e9bits \u00e9lev\u00e9s \/ production constante<\/p>\t\t\t\t\t<\/div>\n\t\t\t\t\t\t<\/div>\n\t\t\t\t<\/div>\n\t\t\t\t\t\t<\/div>\n\t\t\t\t\t<\/div>\n\t\t<\/div>\n\t\t\t\t\t\t\t\t<\/div>\n\t\t\t\t\t<\/div>\n\t\t<\/section>\n\t\t\t\t<section class=\"elementor-section elementor-top-section elementor-element elementor-element-8b20936 elementor-section-boxed elementor-section-height-default elementor-section-height-default\" data-id=\"8b20936\" data-element_type=\"section\">\n\t\t\t\t\t\t<div class=\"elementor-container elementor-column-gap-default\">\n\t\t\t\t\t\t\t<div class=\"elementor-row\">\n\t\t\t\t\t<div class=\"elementor-column elementor-col-100 elementor-top-column elementor-element elementor-element-a2eb44f\" data-id=\"a2eb44f\" data-element_type=\"column\">\n\t\t\t<div class=\"elementor-column-wrap elementor-element-populated\">\n\t\t\t\t\t\t\t<div class=\"elementor-widget-wrap\">\n\t\t\t\t\t\t<div class=\"elementor-element elementor-element-466d9b7 elementor-widget elementor-widget-menu-anchor\" data-id=\"466d9b7\" data-element_type=\"widget\" data-widget_type=\"menu-anchor.default\">\n\t\t\t\t<div class=\"elementor-widget-container\">\n\t\t\t\t\t<div id=\"kb_querschnitt\" class=\"elementor-menu-anchor\"><\/div>\n\t\t\t\t<\/div>\n\t\t\t\t<\/div>\n\t\t\t\t<div class=\"elementor-element elementor-element-7080df2 xs-heading-text elementor-align-left elementor-widget elementor-widget-xs-heading\" data-id=\"7080df2\" data-element_type=\"widget\" data-widget_type=\"xs-heading.default\">\n\t\t\t\t<div class=\"elementor-widget-container\">\n\t\t\t<div class=\"geobin-heading-title\">\n            <h2>\n            <span>Coupe<\/span> transversale        <\/h2>\n    <span class=\"animate-border pull-left\"><\/span><\/div>\t\t<\/div>\n\t\t\t\t<\/div>\n\t\t\t\t<div class=\"elementor-element elementor-element-b93f0e8 elementor-widget elementor-widget-image\" data-id=\"b93f0e8\" data-element_type=\"widget\" data-widget_type=\"image.default\">\n\t\t\t\t<div class=\"elementor-widget-container\">\n\t\t\t\t\t\t\t\t<div class=\"elementor-image\">\n\t\t\t\t\t\t\t\t\t\t\t\t<img width=\"870\" height=\"876\" src=\"https:\/\/weil-brechertechnik.de\/wp-content\/uploads\/2021\/03\/Querschnitt3.jpg\" class=\"attachment-2048x2048 size-2048x2048\" alt=\"\" loading=\"lazy\" srcset=\"https:\/\/weil-brechertechnik.de\/wp-content\/uploads\/2021\/03\/Querschnitt3.jpg 870w, https:\/\/weil-brechertechnik.de\/wp-content\/uploads\/2021\/03\/Querschnitt3-298x300.jpg 298w, https:\/\/weil-brechertechnik.de\/wp-content\/uploads\/2021\/03\/Querschnitt3-150x150.jpg 150w, https:\/\/weil-brechertechnik.de\/wp-content\/uploads\/2021\/03\/Querschnitt3-768x773.jpg 768w\" sizes=\"(max-width: 870px) 100vw, 870px\" \/>\t\t\t\t\t\t\t\t\t\t\t\t\t\t<\/div>\n\t\t\t\t\t\t<\/div>\n\t\t\t\t<\/div>\n\t\t\t\t\t\t<\/div>\n\t\t\t\t\t<\/div>\n\t\t<\/div>\n\t\t\t\t\t\t\t\t<\/div>\n\t\t\t\t\t<\/div>\n\t\t<\/section>\n\t\t\t\t<section class=\"elementor-section elementor-top-section elementor-element elementor-element-05ff277 elementor-section-boxed elementor-section-height-default elementor-section-height-default\" data-id=\"05ff277\" data-element_type=\"section\" data-settings=\"{&quot;background_background&quot;:&quot;classic&quot;,&quot;animation&quot;:&quot;none&quot;}\">\n\t\t\t\t\t\t<div class=\"elementor-container elementor-column-gap-default\">\n\t\t\t\t\t\t\t<div class=\"elementor-row\">\n\t\t\t\t\t<div class=\"elementor-column elementor-col-100 elementor-top-column elementor-element elementor-element-464613e\" data-id=\"464613e\" data-element_type=\"column\" data-settings=\"{&quot;animation&quot;:&quot;none&quot;}\">\n\t\t\t<div class=\"elementor-column-wrap elementor-element-populated\">\n\t\t\t\t\t\t\t<div class=\"elementor-widget-wrap\">\n\t\t\t\t\t\t<div class=\"elementor-element elementor-element-0503e50 elementor-widget elementor-widget-menu-anchor\" data-id=\"0503e50\" data-element_type=\"widget\" data-widget_type=\"menu-anchor.default\">\n\t\t\t\t<div class=\"elementor-widget-container\">\n\t\t\t\t\t<div id=\"kb_leistung\" class=\"elementor-menu-anchor\"><\/div>\n\t\t\t\t<\/div>\n\t\t\t\t<\/div>\n\t\t\t\t<div class=\"elementor-element elementor-element-c54a654 xs-heading-text elementor-align-center elementor-widget elementor-widget-xs-heading\" data-id=\"c54a654\" data-element_type=\"widget\" data-settings=\"{&quot;_animation&quot;:&quot;none&quot;}\" data-widget_type=\"xs-heading.default\">\n\t\t\t\t<div class=\"elementor-widget-container\">\n\t\t\t<div class=\"geobin-heading-title\">\n            <h2>\n            <span>Sp\u00e9cifications <\/span> techniques        <\/h2>\n            <span class=\"animate-border mr-auto ml-auto\"><\/span>\n    <\/div>\t\t<\/div>\n\t\t\t\t<\/div>\n\t\t\t\t\t\t<\/div>\n\t\t\t\t\t<\/div>\n\t\t<\/div>\n\t\t\t\t\t\t\t\t<\/div>\n\t\t\t\t\t<\/div>\n\t\t<\/section>\n\t\t\t\t<section class=\"elementor-section elementor-top-section elementor-element elementor-element-e0e4c1e elementor-section-full_width elementor-section-height-default elementor-section-height-default\" data-id=\"e0e4c1e\" data-element_type=\"section\" data-settings=\"{&quot;animation&quot;:&quot;none&quot;}\">\n\t\t\t\t\t\t<div class=\"elementor-container elementor-column-gap-default\">\n\t\t\t\t\t\t\t<div class=\"elementor-row\">\n\t\t\t\t\t<div class=\"elementor-column elementor-col-100 elementor-top-column elementor-element elementor-element-90ef87d\" data-id=\"90ef87d\" data-element_type=\"column\">\n\t\t\t<div class=\"elementor-column-wrap elementor-element-populated\">\n\t\t\t\t\t\t\t<div class=\"elementor-widget-wrap\">\n\t\t\t\t\t\t<div class=\"elementor-element elementor-element-dc0b4da elementor-widget elementor-widget-image\" data-id=\"dc0b4da\" data-element_type=\"widget\" data-widget_type=\"image.default\">\n\t\t\t\t<div class=\"elementor-widget-container\">\n\t\t\t\t\t\t\t\t<div class=\"elementor-image\">\n\t\t\t\t\t\t\t\t\t\t\t\t<img width=\"1244\" height=\"785\" src=\"https:\/\/weil-brechertechnik.de\/wp-content\/uploads\/2021\/03\/daten4.png\" class=\"attachment-full size-full\" alt=\"\" loading=\"lazy\" srcset=\"https:\/\/weil-brechertechnik.de\/wp-content\/uploads\/2021\/03\/daten4.png 1244w, https:\/\/weil-brechertechnik.de\/wp-content\/uploads\/2021\/03\/daten4-300x189.png 300w, https:\/\/weil-brechertechnik.de\/wp-content\/uploads\/2021\/03\/daten4-1024x646.png 1024w, https:\/\/weil-brechertechnik.de\/wp-content\/uploads\/2021\/03\/daten4-768x485.png 768w\" sizes=\"(max-width: 1244px) 100vw, 1244px\" \/>\t\t\t\t\t\t\t\t\t\t\t\t\t\t<\/div>\n\t\t\t\t\t\t<\/div>\n\t\t\t\t<\/div>\n\t\t\t\t<div class=\"elementor-element elementor-element-ecb45a6 elementor-widget elementor-widget-image\" data-id=\"ecb45a6\" data-element_type=\"widget\" data-widget_type=\"image.default\">\n\t\t\t\t<div class=\"elementor-widget-container\">\n\t\t\t\t\t\t\t\t<div class=\"elementor-image\">\n\t\t\t\t\t\t\t\t\t\t\t\t<img width=\"851\" height=\"578\" src=\"https:\/\/weil-brechertechnik.de\/wp-content\/uploads\/2021\/03\/daten1.png\" class=\"attachment-full size-full\" alt=\"\" loading=\"lazy\" srcset=\"https:\/\/weil-brechertechnik.de\/wp-content\/uploads\/2021\/03\/daten1.png 851w, https:\/\/weil-brechertechnik.de\/wp-content\/uploads\/2021\/03\/daten1-300x204.png 300w, https:\/\/weil-brechertechnik.de\/wp-content\/uploads\/2021\/03\/daten1-768x522.png 768w\" sizes=\"(max-width: 851px) 100vw, 851px\" \/>\t\t\t\t\t\t\t\t\t\t\t\t\t\t<\/div>\n\t\t\t\t\t\t<\/div>\n\t\t\t\t<\/div>\n\t\t\t\t<div class=\"elementor-element elementor-element-55ca375 elementor-widget elementor-widget-image\" data-id=\"55ca375\" data-element_type=\"widget\" data-widget_type=\"image.default\">\n\t\t\t\t<div class=\"elementor-widget-container\">\n\t\t\t\t\t\t\t\t<div class=\"elementor-image\">\n\t\t\t\t\t\t\t\t\t\t\t\t<img width=\"823\" height=\"440\" src=\"https:\/\/weil-brechertechnik.de\/wp-content\/uploads\/2021\/03\/secondary-1.png\" class=\"attachment-full size-full\" alt=\"\" loading=\"lazy\" srcset=\"https:\/\/weil-brechertechnik.de\/wp-content\/uploads\/2021\/03\/secondary-1.png 823w, https:\/\/weil-brechertechnik.de\/wp-content\/uploads\/2021\/03\/secondary-1-300x160.png 300w, https:\/\/weil-brechertechnik.de\/wp-content\/uploads\/2021\/03\/secondary-1-768x411.png 768w\" sizes=\"(max-width: 823px) 100vw, 823px\" \/>\t\t\t\t\t\t\t\t\t\t\t\t\t\t<\/div>\n\t\t\t\t\t\t<\/div>\n\t\t\t\t<\/div>\n\t\t\t\t<div class=\"elementor-element elementor-element-9cc8006 elementor-widget elementor-widget-image\" data-id=\"9cc8006\" data-element_type=\"widget\" data-widget_type=\"image.default\">\n\t\t\t\t<div class=\"elementor-widget-container\">\n\t\t\t\t\t\t\t\t<div class=\"elementor-image\">\n\t\t\t\t\t\t\t\t\t\t\t\t<img width=\"847\" height=\"506\" src=\"https:\/\/weil-brechertechnik.de\/wp-content\/uploads\/2021\/03\/reasons-1.png\" class=\"attachment-full size-full\" alt=\"\" loading=\"lazy\" srcset=\"https:\/\/weil-brechertechnik.de\/wp-content\/uploads\/2021\/03\/reasons-1.png 847w, https:\/\/weil-brechertechnik.de\/wp-content\/uploads\/2021\/03\/reasons-1-300x179.png 300w, https:\/\/weil-brechertechnik.de\/wp-content\/uploads\/2021\/03\/reasons-1-768x459.png 768w\" sizes=\"(max-width: 847px) 100vw, 847px\" \/>\t\t\t\t\t\t\t\t\t\t\t\t\t\t<\/div>\n\t\t\t\t\t\t<\/div>\n\t\t\t\t<\/div>\n\t\t\t\t<div class=\"elementor-element elementor-element-31076cd xs-heading-text elementor-align-center elementor-widget elementor-widget-xs-heading\" data-id=\"31076cd\" data-element_type=\"widget\" data-widget_type=\"xs-heading.default\">\n\t\t\t\t<div class=\"elementor-widget-container\">\n\t\t\t<div class=\"geobin-heading-title\">\n            <h2>\n            <span>Dim<\/span>ensions        <\/h2>\n            <span class=\"animate-border mr-auto ml-auto\"><\/span>\n    <\/div>\t\t<\/div>\n\t\t\t\t<\/div>\n\t\t\t\t<section class=\"elementor-section elementor-inner-section elementor-element elementor-element-444c451 elementor-section-boxed elementor-section-height-default elementor-section-height-default\" data-id=\"444c451\" data-element_type=\"section\">\n\t\t\t\t\t\t<div class=\"elementor-container elementor-column-gap-default\">\n\t\t\t\t\t\t\t<div class=\"elementor-row\">\n\t\t\t\t\t<div class=\"elementor-column elementor-col-100 elementor-inner-column elementor-element elementor-element-f5201d7\" data-id=\"f5201d7\" data-element_type=\"column\">\n\t\t\t<div class=\"elementor-column-wrap elementor-element-populated\">\n\t\t\t\t\t\t\t<div class=\"elementor-widget-wrap\">\n\t\t\t\t\t\t<div class=\"elementor-element elementor-element-b6b44c0 elementor-widget elementor-widget-image\" data-id=\"b6b44c0\" data-element_type=\"widget\" data-widget_type=\"image.default\">\n\t\t\t\t<div class=\"elementor-widget-container\">\n\t\t\t\t\t\t\t\t<div class=\"elementor-image\">\n\t\t\t\t\t\t\t\t\t\t\t\t<img width=\"825\" height=\"365\" src=\"https:\/\/weil-brechertechnik.de\/wp-content\/uploads\/2021\/03\/tabelle1.png\" class=\"attachment-full size-full\" alt=\"\" loading=\"lazy\" srcset=\"https:\/\/weil-brechertechnik.de\/wp-content\/uploads\/2021\/03\/tabelle1.png 825w, https:\/\/weil-brechertechnik.de\/wp-content\/uploads\/2021\/03\/tabelle1-300x133.png 300w, https:\/\/weil-brechertechnik.de\/wp-content\/uploads\/2021\/03\/tabelle1-768x340.png 768w\" sizes=\"(max-width: 825px) 100vw, 825px\" \/>\t\t\t\t\t\t\t\t\t\t\t\t\t\t<\/div>\n\t\t\t\t\t\t<\/div>\n\t\t\t\t<\/div>\n\t\t\t\t\t\t<\/div>\n\t\t\t\t\t<\/div>\n\t\t<\/div>\n\t\t\t\t\t\t\t\t<\/div>\n\t\t\t\t\t<\/div>\n\t\t<\/section>\n\t\t\t\t\t\t<\/div>\n\t\t\t\t\t<\/div>\n\t\t<\/div>\n\t\t\t\t\t\t\t\t<\/div>\n\t\t\t\t\t<\/div>\n\t\t<\/section>\n\t\t\t\t\t\t<\/div>\n\t\t\t\t\t\t<\/div>\n\t\t\t\t\t<\/div>\n\t\t","protected":false},"excerpt":{"rendered":"<p>Broyeurs giratoires Description Nous fabriquons des broyeurs giratoires pour les gravi\u00e8res et carri\u00e8res. Le d\u00e9bit du giratoire est de 30 &#8211; 500 t\/h pour une alimentation de 25 &#8211; 300 mm. &#8211; Economie d&rsquo;\u00e9nergie&#8211; S\u00e9curit\u00e9 de fonctionnement&#8211; Cubicit\u00e9&#8211; D\u00e9marrage du broyeur en charge&#8211; D\u00e9bits \u00e9lev\u00e9s \/ production constante Coupe transversale Sp\u00e9cifications techniques Dimensions<\/p>\n","protected":false},"author":1,"featured_media":0,"parent":0,"menu_order":0,"comment_status":"closed","ping_status":"closed","template":"template\/template-full-width.php","meta":[],"_links":{"self":[{"href":"https:\/\/weil-brechertechnik.de\/fr\/wp-json\/wp\/v2\/pages\/3627"}],"collection":[{"href":"https:\/\/weil-brechertechnik.de\/fr\/wp-json\/wp\/v2\/pages"}],"about":[{"href":"https:\/\/weil-brechertechnik.de\/fr\/wp-json\/wp\/v2\/types\/page"}],"author":[{"embeddable":true,"href":"https:\/\/weil-brechertechnik.de\/fr\/wp-json\/wp\/v2\/users\/1"}],"replies":[{"embeddable":true,"href":"https:\/\/weil-brechertechnik.de\/fr\/wp-json\/wp\/v2\/comments?post=3627"}],"version-history":[{"count":134,"href":"https:\/\/weil-brechertechnik.de\/fr\/wp-json\/wp\/v2\/pages\/3627\/revisions"}],"predecessor-version":[{"id":5419,"href":"https:\/\/weil-brechertechnik.de\/fr\/wp-json\/wp\/v2\/pages\/3627\/revisions\/5419"}],"wp:attachment":[{"href":"https:\/\/weil-brechertechnik.de\/fr\/wp-json\/wp\/v2\/media?parent=3627"}],"curies":[{"name":"wp","href":"https:\/\/api.w.org\/{rel}","templated":true}]}}