{"id":3622,"date":"2018-04-05T05:26:03","date_gmt":"2018-04-05T05:26:03","guid":{"rendered":"https:\/\/weil-brechertechnik.de\/vertikalbrecher\/"},"modified":"2021-06-25T09:25:03","modified_gmt":"2021-06-25T09:25:03","slug":"vertikalbrecher","status":"publish","type":"page","link":"https:\/\/weil-brechertechnik.de\/fr\/vertikalbrecher\/","title":{"rendered":"Broyeurs Vertical"},"content":{"rendered":"\t\t<div data-elementor-type=\"wp-post\" data-elementor-id=\"3622\" class=\"elementor elementor-3622\" data-elementor-settings=\"[]\">\n\t\t\t\t\t\t<div class=\"elementor-inner\">\n\t\t\t\t\t\t\t<div class=\"elementor-section-wrap\">\n\t\t\t\t\t\t\t<section class=\"elementor-section elementor-top-section elementor-element elementor-element-c5e5879 elementor-section-boxed elementor-section-height-default elementor-section-height-default\" data-id=\"c5e5879\" data-element_type=\"section\" data-settings=\"{&quot;animation&quot;:&quot;none&quot;,&quot;background_background&quot;:&quot;classic&quot;}\">\n\t\t\t\t\t\t<div class=\"elementor-container elementor-column-gap-default\">\n\t\t\t\t\t\t\t<div class=\"elementor-row\">\n\t\t\t\t\t<div class=\"elementor-column elementor-col-50 elementor-top-column elementor-element elementor-element-b33f6f7\" data-id=\"b33f6f7\" data-element_type=\"column\" data-settings=\"{&quot;animation&quot;:&quot;none&quot;,&quot;background_background&quot;:&quot;classic&quot;}\">\n\t\t\t<div class=\"elementor-column-wrap elementor-element-populated\">\n\t\t\t\t\t\t\t<div class=\"elementor-widget-wrap\">\n\t\t\t\t\t\t<div class=\"elementor-element elementor-element-c678979 elementor-widget elementor-widget-image\" data-id=\"c678979\" data-element_type=\"widget\" data-settings=\"{&quot;_animation&quot;:&quot;none&quot;}\" data-widget_type=\"image.default\">\n\t\t\t\t<div class=\"elementor-widget-container\">\n\t\t\t\t\t\t\t\t<div class=\"elementor-image\">\n\t\t\t\t\t\t\t\t\t\t\t\t<img width=\"454\" height=\"490\" src=\"https:\/\/weil-brechertechnik.de\/wp-content\/uploads\/2019\/05\/vertikalbrecher_start.png\" class=\"attachment-large size-large\" alt=\"\" loading=\"lazy\" srcset=\"https:\/\/weil-brechertechnik.de\/wp-content\/uploads\/2019\/05\/vertikalbrecher_start.png 454w, https:\/\/weil-brechertechnik.de\/wp-content\/uploads\/2019\/05\/vertikalbrecher_start-278x300.png 278w\" sizes=\"(max-width: 454px) 100vw, 454px\" \/>\t\t\t\t\t\t\t\t\t\t\t\t\t\t<\/div>\n\t\t\t\t\t\t<\/div>\n\t\t\t\t<\/div>\n\t\t\t\t\t\t<\/div>\n\t\t\t\t\t<\/div>\n\t\t<\/div>\n\t\t\t\t<div class=\"elementor-column elementor-col-50 elementor-top-column elementor-element elementor-element-2a26d4d\" data-id=\"2a26d4d\" data-element_type=\"column\" data-settings=\"{&quot;animation&quot;:&quot;none&quot;,&quot;background_background&quot;:&quot;classic&quot;}\">\n\t\t\t<div class=\"elementor-column-wrap elementor-element-populated\">\n\t\t\t\t\t\t\t<div class=\"elementor-widget-wrap\">\n\t\t\t\t\t\t<div class=\"elementor-element elementor-element-07e9361 elementor-widget elementor-widget-menu-anchor\" data-id=\"07e9361\" data-element_type=\"widget\" data-widget_type=\"menu-anchor.default\">\n\t\t\t\t<div class=\"elementor-widget-container\">\n\t\t\t\t\t<div id=\"vb_beschreibung\" class=\"elementor-menu-anchor\"><\/div>\n\t\t\t\t<\/div>\n\t\t\t\t<\/div>\n\t\t\t\t<div class=\"elementor-element elementor-element-4104bce xs-heading-text elementor-align-left elementor-widget elementor-widget-xs-heading\" data-id=\"4104bce\" data-element_type=\"widget\" data-widget_type=\"xs-heading.default\">\n\t\t\t\t<div class=\"elementor-widget-container\">\n\t\t\t<div class=\"geobin-heading-title\">\n            <h2>\n            Broyeurs \u00e0 axe vertical        <\/h2>\n    <\/div>\t\t<\/div>\n\t\t\t\t<\/div>\n\t\t\t\t<div class=\"elementor-element elementor-element-114d288 elementor-widget elementor-widget-text-editor\" data-id=\"114d288\" data-element_type=\"widget\" data-widget_type=\"text-editor.default\">\n\t\t\t\t<div class=\"elementor-widget-container\">\n\t\t\t\t\t\t\t\t<div class=\"elementor-text-editor elementor-clearfix\">\n\t\t\t\t\t<p><span style=\"font-size: 14pt;\">Nous fabriquons des broyeurs \u00e0 axe vertical pour les gravi\u00e8res et carri\u00e8res. Le d\u00e9bit de l\u00b4axe vertical est de 50 &#8211; 260 t\/h pour une alimentation de <\/span><span style=\"font-size: 14pt;\">0 &#8211; 45 mm.<\/span><\/p>\t\t\t\t\t<\/div>\n\t\t\t\t\t\t<\/div>\n\t\t\t\t<\/div>\n\t\t\t\t<div class=\"elementor-element elementor-element-7bbbd01 elementor-widget elementor-widget-heading\" data-id=\"7bbbd01\" data-element_type=\"widget\" data-widget_type=\"heading.default\">\n\t\t\t\t<div class=\"elementor-widget-container\">\n\t\t\t<h3 class=\"elementor-heading-title elementor-size-default\">Un principe de broyage tr\u00e8s simple <\/h3>\t\t<\/div>\n\t\t\t\t<\/div>\n\t\t\t\t<div class=\"elementor-element elementor-element-9c2251d elementor-widget elementor-widget-text-editor\" data-id=\"9c2251d\" data-element_type=\"widget\" data-widget_type=\"text-editor.default\">\n\t\t\t\t<div class=\"elementor-widget-container\">\n\t\t\t\t\t\t\t\t<div class=\"elementor-text-editor elementor-clearfix\">\n\t\t\t\t\t<p>Sur les broyeurs \u00e0 axe vertical WEIL la fragmentation r\u00e9alis\u00e9e principalement par la projection \u00e0 grande vitesse de mat\u00e9riaux sur mat\u00e9riaux.<br \/>Les mat\u00e9riaux \u00e0 broyer sont introduits par un simple conduit au centre d&rsquo;un rotor \u00e0 axe vertical tournant \u00e0 grande vitesse. Ils sont projet\u00e9s tout autour du rotor contre un talus naturel de mat\u00e9riaux constitu\u00e9 sur la marche d&rsquo;un caisson circulaire, le stator.<\/p>\t\t\t\t\t<\/div>\n\t\t\t\t\t\t<\/div>\n\t\t\t\t<\/div>\n\t\t\t\t\t\t<\/div>\n\t\t\t\t\t<\/div>\n\t\t<\/div>\n\t\t\t\t\t\t\t\t<\/div>\n\t\t\t\t\t<\/div>\n\t\t<\/section>\n\t\t\t\t<section class=\"elementor-section elementor-top-section elementor-element elementor-element-130b145 elementor-section-boxed elementor-section-height-default elementor-section-height-default\" data-id=\"130b145\" data-element_type=\"section\" data-settings=\"{&quot;background_background&quot;:&quot;classic&quot;,&quot;animation&quot;:&quot;none&quot;}\">\n\t\t\t\t\t\t<div class=\"elementor-container elementor-column-gap-default\">\n\t\t\t\t\t\t\t<div class=\"elementor-row\">\n\t\t\t\t\t<div class=\"elementor-column elementor-col-33 elementor-top-column elementor-element elementor-element-98c4bdd\" data-id=\"98c4bdd\" data-element_type=\"column\">\n\t\t\t<div class=\"elementor-column-wrap elementor-element-populated\">\n\t\t\t\t\t\t\t<div class=\"elementor-widget-wrap\">\n\t\t\t\t\t\t<div class=\"elementor-element elementor-element-19aa592 elementor-widget elementor-widget-heading\" data-id=\"19aa592\" data-element_type=\"widget\" data-widget_type=\"heading.default\">\n\t\t\t\t<div class=\"elementor-widget-container\">\n\t\t\t<h3 class=\"elementor-heading-title elementor-size-default\">Le broyage r\u00e9sulte:<\/h3>\t\t<\/div>\n\t\t\t\t<\/div>\n\t\t\t\t<div class=\"elementor-element elementor-element-d69540a elementor-widget elementor-widget-text-editor\" data-id=\"d69540a\" data-element_type=\"widget\" data-widget_type=\"text-editor.default\">\n\t\t\t\t<div class=\"elementor-widget-container\">\n\t\t\t\t\t\t\t\t<div class=\"elementor-text-editor elementor-clearfix\">\n\t\t\t\t\t<p style=\"text-align: left;\">&#8211; des impacts multiples entre les mat\u00e9riaux \u00e9ject\u00e9s du rotor et les mat\u00e9riaux <br \/>entass\u00e9s dans le stator,<br \/>&#8211; d&rsquo;une fragmentation par attrition.<\/p><p>Les mat\u00e9riaux s\u2019\u00e9vacuent en chute libre.<\/p>\t\t\t\t\t<\/div>\n\t\t\t\t\t\t<\/div>\n\t\t\t\t<\/div>\n\t\t\t\t\t\t<\/div>\n\t\t\t\t\t<\/div>\n\t\t<\/div>\n\t\t\t\t<div class=\"elementor-column elementor-col-33 elementor-top-column elementor-element elementor-element-36090ff\" data-id=\"36090ff\" data-element_type=\"column\">\n\t\t\t<div class=\"elementor-column-wrap elementor-element-populated\">\n\t\t\t\t\t\t\t<div class=\"elementor-widget-wrap\">\n\t\t\t\t\t\t<div class=\"elementor-element elementor-element-cbe84c5 elementor-widget elementor-widget-heading\" data-id=\"cbe84c5\" data-element_type=\"widget\" data-widget_type=\"heading.default\">\n\t\t\t\t<div class=\"elementor-widget-container\">\n\t\t\t<h3 class=\"elementor-heading-title elementor-size-default\">Un Investissement\nresolument rentable<\/h3>\t\t<\/div>\n\t\t\t\t<\/div>\n\t\t\t\t<div class=\"elementor-element elementor-element-1a396fc elementor-widget elementor-widget-text-editor\" data-id=\"1a396fc\" data-element_type=\"widget\" data-widget_type=\"text-editor.default\">\n\t\t\t\t<div class=\"elementor-widget-container\">\n\t\t\t\t\t\t\t\t<div class=\"elementor-text-editor elementor-clearfix\">\n\t\t\t\t\t<p style=\"text-align: left;\">&#8211; Excellente forme des granulats <br \/>c&rsquo;est l&rsquo;objectif premier de l&rsquo;utilisation<br \/>de ce type de broyeur.<br \/>&#8211; Possibilit\u00e9 d&rsquo;alimentation tr\u00e8s vari\u00e9e<br \/>en nature de mat\u00e9riau, duret\u00e9, abrasivit\u00e9, humidit\u00e9, toutes granu-<br \/>lom\u00e9tries inf\u00e9rieures \u00e0 60 mm admissibles.<\/p>\t\t\t\t\t<\/div>\n\t\t\t\t\t\t<\/div>\n\t\t\t\t<\/div>\n\t\t\t\t\t\t<\/div>\n\t\t\t\t\t<\/div>\n\t\t<\/div>\n\t\t\t\t<div class=\"elementor-column elementor-col-33 elementor-top-column elementor-element elementor-element-8838dab\" data-id=\"8838dab\" data-element_type=\"column\">\n\t\t\t<div class=\"elementor-column-wrap elementor-element-populated\">\n\t\t\t\t\t\t\t<div class=\"elementor-widget-wrap\">\n\t\t\t\t\t\t<div class=\"elementor-element elementor-element-72feb3c elementor-widget elementor-widget-heading\" data-id=\"72feb3c\" data-element_type=\"widget\" data-widget_type=\"heading.default\">\n\t\t\t\t<div class=\"elementor-widget-container\">\n\t\t\t<h3 class=\"elementor-heading-title elementor-size-default\">Faible co\u00fbt d\u2019installation::<\/h3>\t\t<\/div>\n\t\t\t\t<\/div>\n\t\t\t\t<div class=\"elementor-element elementor-element-5ef1df4 elementor-widget elementor-widget-text-editor\" data-id=\"5ef1df4\" data-element_type=\"widget\" data-widget_type=\"text-editor.default\">\n\t\t\t\t<div class=\"elementor-widget-container\">\n\t\t\t\t\t\t\t\t<div class=\"elementor-text-editor elementor-clearfix\">\n\t\t\t\t\t<p>&#8211; structures simples pour supporter<br \/>le broyeur, pour l\u2019alimenter et pour assurer la reprise des mat\u00e9riaux broy\u00e9s.<\/p><p>&#8211; Tr\u00e8s bon rapport\u00a0consommation d&rsquo;\u00e9nergie\/production.<br \/>&#8211; Entretien minimum<\/p><p>Pour une bonne d\u00e9termination du broyeur et de ses param\u00e8tres de fonctionnement, une analyse d&rsquo;\u00e9chantillons en station d&rsquo;essai<br \/>WEIL est recommand\u00e9e.<\/p>\t\t\t\t\t<\/div>\n\t\t\t\t\t\t<\/div>\n\t\t\t\t<\/div>\n\t\t\t\t\t\t<\/div>\n\t\t\t\t\t<\/div>\n\t\t<\/div>\n\t\t\t\t\t\t\t\t<\/div>\n\t\t\t\t\t<\/div>\n\t\t<\/section>\n\t\t\t\t<section class=\"elementor-section elementor-top-section elementor-element elementor-element-f5c72b0 elementor-section-boxed elementor-section-height-default elementor-section-height-default\" data-id=\"f5c72b0\" data-element_type=\"section\" data-settings=\"{&quot;background_background&quot;:&quot;classic&quot;,&quot;animation&quot;:&quot;none&quot;}\">\n\t\t\t\t\t\t<div class=\"elementor-container elementor-column-gap-default\">\n\t\t\t\t\t\t\t<div class=\"elementor-row\">\n\t\t\t\t\t<div class=\"elementor-column elementor-col-50 elementor-top-column elementor-element elementor-element-9a96ca9\" data-id=\"9a96ca9\" data-element_type=\"column\" data-settings=\"{&quot;animation&quot;:&quot;none&quot;}\">\n\t\t\t<div class=\"elementor-column-wrap elementor-element-populated\">\n\t\t\t\t\t\t\t<div class=\"elementor-widget-wrap\">\n\t\t\t\t\t\t<div class=\"elementor-element elementor-element-8176c89 elementor-widget elementor-widget-menu-anchor\" data-id=\"8176c89\" data-element_type=\"widget\" data-widget_type=\"menu-anchor.default\">\n\t\t\t\t<div class=\"elementor-widget-container\">\n\t\t\t\t\t<div id=\"vb_querschnitt\" class=\"elementor-menu-anchor\"><\/div>\n\t\t\t\t<\/div>\n\t\t\t\t<\/div>\n\t\t\t\t<div class=\"elementor-element elementor-element-2b99626 xs-heading-text elementor-align-left elementor-widget elementor-widget-xs-heading\" data-id=\"2b99626\" data-element_type=\"widget\" data-widget_type=\"xs-heading.default\">\n\t\t\t\t<div class=\"elementor-widget-container\">\n\t\t\t<div class=\"geobin-heading-title\">\n            <h2>\n            <span>Coupe<\/span> Transversale        <\/h2>\n    <\/div>\t\t<\/div>\n\t\t\t\t<\/div>\n\t\t\t\t<div class=\"elementor-element elementor-element-47eefbd elementor-widget elementor-widget-text-editor\" data-id=\"47eefbd\" data-element_type=\"widget\" data-widget_type=\"text-editor.default\">\n\t\t\t\t<div class=\"elementor-widget-container\">\n\t\t\t\t\t\t\t\t<div class=\"elementor-text-editor elementor-clearfix\">\n\t\t\t\t\t<p>Acc\u00e8s facile aux pi\u00e8ces d&rsquo;usure par des portes de visite et un couloir d&rsquo;alimentation escamotable.<\/p><p>Compensation de l\u2019usure de la manchette d\u2019alimentation par un syst\u00e8me de r\u00e9glage en hauteur.<\/p><p>Rotor bien prot\u00e9g\u00e9 par des pi\u00e8ces d&rsquo;usure et un rechargement dur, grande long\u00e9vit\u00e9.<\/p><p>Principales pi\u00e8ces d&rsquo;usure du rotor (ejets, barreaux) communes \u00e0 tous les appareils de la gamme.<\/p><p>M\u00e9canique d&rsquo;entra\u00eenement du rotor simple et robuste (trois roulements \u00e0 grande capacit\u00e9 de charge).<\/p><p>Evacuation facile des mat\u00e9riaux sous le broyeur par deux goulottes verticales dispos\u00e9es fe part et d&rsquo;autre de la poulie.<\/p>\t\t\t\t\t<\/div>\n\t\t\t\t\t\t<\/div>\n\t\t\t\t<\/div>\n\t\t\t\t\t\t<\/div>\n\t\t\t\t\t<\/div>\n\t\t<\/div>\n\t\t\t\t<div class=\"elementor-column elementor-col-50 elementor-top-column elementor-element elementor-element-800085e\" data-id=\"800085e\" data-element_type=\"column\" data-settings=\"{&quot;animation&quot;:&quot;none&quot;,&quot;background_background&quot;:&quot;classic&quot;}\">\n\t\t\t<div class=\"elementor-column-wrap elementor-element-populated\">\n\t\t\t\t\t\t\t<div class=\"elementor-widget-wrap\">\n\t\t\t\t\t\t<div class=\"elementor-element elementor-element-510f404 elementor-widget elementor-widget-image\" data-id=\"510f404\" data-element_type=\"widget\" data-widget_type=\"image.default\">\n\t\t\t\t<div class=\"elementor-widget-container\">\n\t\t\t\t\t\t\t\t<div class=\"elementor-image\">\n\t\t\t\t\t\t\t\t\t\t\t\t<img width=\"1138\" height=\"840\" src=\"https:\/\/weil-brechertechnik.de\/wp-content\/uploads\/2021\/03\/coupe1.png\" class=\"attachment-2048x2048 size-2048x2048\" alt=\"\" loading=\"lazy\" srcset=\"https:\/\/weil-brechertechnik.de\/wp-content\/uploads\/2021\/03\/coupe1.png 1138w, https:\/\/weil-brechertechnik.de\/wp-content\/uploads\/2021\/03\/coupe1-300x221.png 300w, https:\/\/weil-brechertechnik.de\/wp-content\/uploads\/2021\/03\/coupe1-1024x756.png 1024w, https:\/\/weil-brechertechnik.de\/wp-content\/uploads\/2021\/03\/coupe1-768x567.png 768w\" sizes=\"(max-width: 1138px) 100vw, 1138px\" \/>\t\t\t\t\t\t\t\t\t\t\t\t\t\t<\/div>\n\t\t\t\t\t\t<\/div>\n\t\t\t\t<\/div>\n\t\t\t\t\t\t<\/div>\n\t\t\t\t\t<\/div>\n\t\t<\/div>\n\t\t\t\t\t\t\t\t<\/div>\n\t\t\t\t\t<\/div>\n\t\t<\/section>\n\t\t\t\t<section class=\"elementor-section elementor-top-section elementor-element elementor-element-16fbb9d elementor-section-boxed elementor-section-height-default elementor-section-height-default\" data-id=\"16fbb9d\" data-element_type=\"section\" data-settings=\"{&quot;animation&quot;:&quot;none&quot;}\">\n\t\t\t\t\t\t<div class=\"elementor-container elementor-column-gap-default\">\n\t\t\t\t\t\t\t<div class=\"elementor-row\">\n\t\t\t\t\t<div class=\"elementor-column elementor-col-100 elementor-top-column elementor-element elementor-element-e60059b\" data-id=\"e60059b\" data-element_type=\"column\">\n\t\t\t<div class=\"elementor-column-wrap elementor-element-populated\">\n\t\t\t\t\t\t\t<div class=\"elementor-widget-wrap\">\n\t\t\t\t\t\t<div class=\"elementor-element elementor-element-a8f08ed elementor-widget elementor-widget-menu-anchor\" data-id=\"a8f08ed\" data-element_type=\"widget\" data-widget_type=\"menu-anchor.default\">\n\t\t\t\t<div class=\"elementor-widget-container\">\n\t\t\t\t\t<div id=\"vb_leistung\" class=\"elementor-menu-anchor\"><\/div>\n\t\t\t\t<\/div>\n\t\t\t\t<\/div>\n\t\t\t\t<div class=\"elementor-element elementor-element-1b350a1 xs-heading-text elementor-align-center elementor-widget elementor-widget-xs-heading\" data-id=\"1b350a1\" data-element_type=\"widget\" data-settings=\"{&quot;_animation&quot;:&quot;none&quot;}\" data-widget_type=\"xs-heading.default\">\n\t\t\t\t<div class=\"elementor-widget-container\">\n\t\t\t<div class=\"geobin-heading-title\">\n            <h2>\n            <span>Puis<\/span>sance        <\/h2>\n    <\/div>\t\t<\/div>\n\t\t\t\t<\/div>\n\t\t\t\t\t\t<\/div>\n\t\t\t\t\t<\/div>\n\t\t<\/div>\n\t\t\t\t\t\t\t\t<\/div>\n\t\t\t\t\t<\/div>\n\t\t<\/section>\n\t\t\t\t<section class=\"elementor-section elementor-top-section elementor-element elementor-element-08f26a5 elementor-section-boxed elementor-section-height-default elementor-section-height-default\" data-id=\"08f26a5\" data-element_type=\"section\">\n\t\t\t\t\t\t<div class=\"elementor-container elementor-column-gap-default\">\n\t\t\t\t\t\t\t<div class=\"elementor-row\">\n\t\t\t\t\t<div class=\"elementor-column elementor-col-100 elementor-top-column elementor-element elementor-element-1a74766\" data-id=\"1a74766\" data-element_type=\"column\">\n\t\t\t<div class=\"elementor-column-wrap elementor-element-populated\">\n\t\t\t\t\t\t\t<div class=\"elementor-widget-wrap\">\n\t\t\t\t\t\t<div class=\"elementor-element elementor-element-b05ce74 elementor-widget elementor-widget-image\" data-id=\"b05ce74\" data-element_type=\"widget\" data-widget_type=\"image.default\">\n\t\t\t\t<div class=\"elementor-widget-container\">\n\t\t\t\t\t\t\t\t<div class=\"elementor-image\">\n\t\t\t\t\t\t\t\t\t\t\t\t<img width=\"1202\" height=\"697\" src=\"https:\/\/weil-brechertechnik.de\/wp-content\/uploads\/2021\/03\/character.png\" class=\"attachment-full size-full\" alt=\"\" loading=\"lazy\" srcset=\"https:\/\/weil-brechertechnik.de\/wp-content\/uploads\/2021\/03\/character.png 1202w, https:\/\/weil-brechertechnik.de\/wp-content\/uploads\/2021\/03\/character-300x174.png 300w, https:\/\/weil-brechertechnik.de\/wp-content\/uploads\/2021\/03\/character-1024x594.png 1024w, https:\/\/weil-brechertechnik.de\/wp-content\/uploads\/2021\/03\/character-768x445.png 768w\" sizes=\"(max-width: 1202px) 100vw, 1202px\" \/>\t\t\t\t\t\t\t\t\t\t\t\t\t\t<\/div>\n\t\t\t\t\t\t<\/div>\n\t\t\t\t<\/div>\n\t\t\t\t\t\t<\/div>\n\t\t\t\t\t<\/div>\n\t\t<\/div>\n\t\t\t\t\t\t\t\t<\/div>\n\t\t\t\t\t<\/div>\n\t\t<\/section>\n\t\t\t\t<section class=\"elementor-section elementor-top-section elementor-element elementor-element-fa02c53 elementor-section-boxed elementor-section-height-default elementor-section-height-default\" data-id=\"fa02c53\" data-element_type=\"section\">\n\t\t\t\t\t\t<div class=\"elementor-container elementor-column-gap-default\">\n\t\t\t\t\t\t\t<div class=\"elementor-row\">\n\t\t\t\t\t<div class=\"elementor-column elementor-col-100 elementor-top-column elementor-element elementor-element-b5719e6\" data-id=\"b5719e6\" data-element_type=\"column\">\n\t\t\t<div class=\"elementor-column-wrap elementor-element-populated\">\n\t\t\t\t\t\t\t<div class=\"elementor-widget-wrap\">\n\t\t\t\t\t\t<div class=\"elementor-element elementor-element-46d4964 elementor-widget elementor-widget-menu-anchor\" data-id=\"46d4964\" data-element_type=\"widget\" data-widget_type=\"menu-anchor.default\">\n\t\t\t\t<div class=\"elementor-widget-container\">\n\t\t\t\t\t<div id=\"vb_mass\" class=\"elementor-menu-anchor\"><\/div>\n\t\t\t\t<\/div>\n\t\t\t\t<\/div>\n\t\t\t\t<div class=\"elementor-element elementor-element-d4a6653 xs-heading-text elementor-align-center elementor-widget elementor-widget-xs-heading\" data-id=\"d4a6653\" data-element_type=\"widget\" data-settings=\"{&quot;_animation&quot;:&quot;none&quot;}\" data-widget_type=\"xs-heading.default\">\n\t\t\t\t<div class=\"elementor-widget-container\">\n\t\t\t<div class=\"geobin-heading-title\">\n            <h2>\n            <span>Sys<\/span>t\u00e8me        <\/h2>\n    <\/div>\t\t<\/div>\n\t\t\t\t<\/div>\n\t\t\t\t<section class=\"elementor-section elementor-inner-section elementor-element elementor-element-5ab6e1a elementor-section-boxed elementor-section-height-default elementor-section-height-default\" data-id=\"5ab6e1a\" data-element_type=\"section\">\n\t\t\t\t\t\t<div class=\"elementor-container elementor-column-gap-default\">\n\t\t\t\t\t\t\t<div class=\"elementor-row\">\n\t\t\t\t\t<div class=\"elementor-column elementor-col-100 elementor-inner-column elementor-element elementor-element-47ee8a9\" data-id=\"47ee8a9\" data-element_type=\"column\">\n\t\t\t<div class=\"elementor-column-wrap elementor-element-populated\">\n\t\t\t\t\t\t\t<div class=\"elementor-widget-wrap\">\n\t\t\t\t\t\t<div class=\"elementor-element elementor-element-f28adda elementor-widget elementor-widget-image\" data-id=\"f28adda\" data-element_type=\"widget\" data-widget_type=\"image.default\">\n\t\t\t\t<div class=\"elementor-widget-container\">\n\t\t\t\t\t\t\t\t<div class=\"elementor-image\">\n\t\t\t\t\t\t\t\t\t\t\t\t<img width=\"1163\" height=\"421\" src=\"https:\/\/weil-brechertechnik.de\/wp-content\/uploads\/2021\/03\/general.png\" class=\"attachment-full size-full\" alt=\"\" loading=\"lazy\" srcset=\"https:\/\/weil-brechertechnik.de\/wp-content\/uploads\/2021\/03\/general.png 1163w, https:\/\/weil-brechertechnik.de\/wp-content\/uploads\/2021\/03\/general-300x109.png 300w, https:\/\/weil-brechertechnik.de\/wp-content\/uploads\/2021\/03\/general-1024x371.png 1024w, https:\/\/weil-brechertechnik.de\/wp-content\/uploads\/2021\/03\/general-768x278.png 768w\" sizes=\"(max-width: 1163px) 100vw, 1163px\" \/>\t\t\t\t\t\t\t\t\t\t\t\t\t\t<\/div>\n\t\t\t\t\t\t<\/div>\n\t\t\t\t<\/div>\n\t\t\t\t\t\t<\/div>\n\t\t\t\t\t<\/div>\n\t\t<\/div>\n\t\t\t\t\t\t\t\t<\/div>\n\t\t\t\t\t<\/div>\n\t\t<\/section>\n\t\t\t\t\t\t<\/div>\n\t\t\t\t\t<\/div>\n\t\t<\/div>\n\t\t\t\t\t\t\t\t<\/div>\n\t\t\t\t\t<\/div>\n\t\t<\/section>\n\t\t\t\t\t\t<\/div>\n\t\t\t\t\t\t<\/div>\n\t\t\t\t\t<\/div>\n\t\t","protected":false},"excerpt":{"rendered":"<p>Broyeurs \u00e0 axe vertical Nous fabriquons des broyeurs \u00e0 axe vertical pour les gravi\u00e8res et carri\u00e8res. Le d\u00e9bit de l\u00b4axe vertical est de 50 &#8211; 260 t\/h pour une alimentation de 0 &#8211; 45 mm. Un principe de broyage tr\u00e8s simple Sur les broyeurs \u00e0 axe vertical WEIL la fragmentation r\u00e9alis\u00e9e principalement par la projection [&hellip;]<\/p>\n","protected":false},"author":1,"featured_media":0,"parent":0,"menu_order":0,"comment_status":"closed","ping_status":"closed","template":"template\/template-full-width.php","meta":[],"_links":{"self":[{"href":"https:\/\/weil-brechertechnik.de\/fr\/wp-json\/wp\/v2\/pages\/3622"}],"collection":[{"href":"https:\/\/weil-brechertechnik.de\/fr\/wp-json\/wp\/v2\/pages"}],"about":[{"href":"https:\/\/weil-brechertechnik.de\/fr\/wp-json\/wp\/v2\/types\/page"}],"author":[{"embeddable":true,"href":"https:\/\/weil-brechertechnik.de\/fr\/wp-json\/wp\/v2\/users\/1"}],"replies":[{"embeddable":true,"href":"https:\/\/weil-brechertechnik.de\/fr\/wp-json\/wp\/v2\/comments?post=3622"}],"version-history":[{"count":59,"href":"https:\/\/weil-brechertechnik.de\/fr\/wp-json\/wp\/v2\/pages\/3622\/revisions"}],"predecessor-version":[{"id":5499,"href":"https:\/\/weil-brechertechnik.de\/fr\/wp-json\/wp\/v2\/pages\/3622\/revisions\/5499"}],"wp:attachment":[{"href":"https:\/\/weil-brechertechnik.de\/fr\/wp-json\/wp\/v2\/media?parent=3622"}],"curies":[{"name":"wp","href":"https:\/\/api.w.org\/{rel}","templated":true}]}}